{"id":9982,"date":"2022-04-26T09:52:19","date_gmt":"2022-04-26T09:52:19","guid":{"rendered":"https:\/\/translatelo.com\/cookie-policy\/"},"modified":"2024-08-20T01:06:29","modified_gmt":"2024-08-20T01:06:29","slug":"politica-de-cookies","status":"publish","type":"page","link":"https:\/\/translatelo.com\/es\/politica-de-cookies\/","title":{"rendered":"Pol\u00edtica de cookies"},"content":{"rendered":"<div class=\"wpb-content-wrapper\"><p>[vc_row full_width=&#8221;stretch_row_content_no_spaces&#8221; kd_background_image_position=&#8221;vc_row-bg-position-top&#8221; kd_bottom_separator_style=&#8221;static-waves&#8221; kd_bottom_separator_height=&#8221;separator-height-large&#8221; kd_bottom_separator=&#8221;true&#8221; kd_bottom_separator_bg=&#8221;#ffffff&#8221; css_mobile=&#8221;.vc_custom_1646816659448{padding-top: 20px !important;padding-right: 30px !important;padding-left: 30px !important;}&#8221; css=&#8221;.vc_custom_1646816659447{padding-top: 100px !important;padding-bottom: 100px !important;background-color: #f7f4fc !important;}&#8221; css_tablet_portrait=&#8221;.vc_custom_1646816659448{padding-top: 40px !important;}&#8221;][vc_column]<header class=\"kd-section-title col-lg-12 text-center  subtitle-below-title kd-animated fadeIn   vc_custom_1650967713540\" data-animation-delay=200><h1 class=\"separator_off\" >Pol\u00edtica de cookies<\/h1><\/header><div class=\"particles-wrapper\" data-number=\"50\" data-shape=\"star\" data-size=\"4\" data-colors=\"['#eebbc4', '#a89ec0', '#e0b5cd', '#a9a2d8']\"><div id=\"particles-js-69ea22111cecd\"><\/div><\/div>[\/vc_column][\/vc_row][vc_row kd_background_image_position=&#8221;vc_row-bg-position-top&#8221;][vc_column][vc_column_text]<\/p>\n<h2>Pol\u00edtica de <em>cookies<\/em> de www.translatelo.com<\/h2>\n<p>El presente documento informa a los usuarios sobre las tecnolog\u00edas que ayudan www.translatelo.com a lograr los fines descritos a continuaci\u00f3n. Dichas tecnolog\u00edas permiten a la titular acceder a informaci\u00f3n y almacenarla (por ejemplo, utilizando una <em>cookie<\/em>) o emplear recursos (por ejemplo, ejecutando un <em>script<\/em>) en el dispositivo de un usuario mientras este interact\u00faa con www.translatelo.com.<br \/>\nPara simplificar, en el presente documento, toda esta clase de tecnolog\u00edas se define como rastreadores, salvo que exista un motivo para diferenciarlas.<br \/>\nPor ejemplo, mientras que las <em>cookies<\/em> se pueden emplear en navegadores web y m\u00f3viles, ser\u00eda inexacto hablar de <em>cookies<\/em> en el contexto de las aplicaciones m\u00f3viles, ya que son rastreadores basados en navegadores. Por este motivo, en el presente documento, el t\u00e9rmino <em>cookies<\/em> \u00fanicamente se utilizar\u00e1 cuando se emplee espec\u00edficamente para designar este tipo concreto de rastreador.<br \/>\nEs posible que algunas de las finalidades para las que se utilizan rastreadores exijan el consentimiento del usuario. Siempre que se otorgue el consentimiento, este podr\u00e1 revocarse libremente en cualquier momento siguiendo las instrucciones facilitadas en el presente documento.<br \/>\nwww.translatelo.com utiliza rastreadores gestionados directamente por la titular (denominados rastreadores de origen) y rastreadores que hacen posibles servicios prestados por un tercero (denominados rastreadores de terceros). Salvo que se indique lo contrario en el presente documento, los terceros proveedores podr\u00e1n acceder a los rastreadores que gestionen.<br \/>\nLos plazos de validez y expiraci\u00f3n de las <em>cookies<\/em> y otros rastreadores similares pueden variar dependiendo de la duraci\u00f3n establecida por la titular o el proveedor correspondiente. Algunas de ellas expiran a la finalizaci\u00f3n de la sesi\u00f3n de navegaci\u00f3n del usuario.\u2028Adem\u00e1s de lo especificado en las descripciones que aparecen en cada una de las categor\u00edas indicadas m\u00e1s adelante, los usuarios podr\u00e1n encontrar informaci\u00f3n m\u00e1s precisa y actualizada acerca de las especificaciones de duraci\u00f3n, as\u00ed como cualquier otra informaci\u00f3n relevante \u2014como la presencia de otros rastreadores\u2014 en las pol\u00edticas de privacidad de los terceros proveedores correspondientes para las que se proporcionan enlaces o contactando con la titular.<br \/>\nPara obtener m\u00e1s informaci\u00f3n espec\u00edfica para los consumidores de California y sus derechos de privacidad, los usuarios pueden\u00a0leer <a href=\"https:\/\/translatelo.com\/es\/politica-de-privacidad\/\">la pol\u00edtica de privacidad<\/a>.<\/p>\n<h3>Actividades estrictamente necesarias para el funcionamiento de www.translatelo.com y la prestaci\u00f3n del servicio<\/h3>\n<p>www.translatelo.com utiliza <em>cookies<\/em> denominadas t\u00e9cnicas y otros rastreadores similares para llevar a cabo actividades que son estrictamente necesarias para el funcionamiento o la prestaci\u00f3n del servicio.<\/p>\n<h3>Otras actividades que implican el uso de rastreadores<\/h3>\n<p><strong>Mejora de la experiencia<\/strong><br \/>\nwww.translatelo.com utiliza rastreadores para proporcionar una experiencia de usuario personalizada mediante la mejora de la calidad de las opciones de gesti\u00f3n de preferencias y permitiendo la interacci\u00f3n con redes y plataformas externas.<\/p>\n<p><strong>Visualizar contenidos de plataformas externas<\/strong><br \/>\nEste tipo de servicios permiten visualizar contenidos alojados en plataformas externas directamente desde las p\u00e1ginas de www.translatelo.com e interactuar con estos.<br \/>\nEste tipo de servicios puede recopilar datos de tr\u00e1fico web para las p\u00e1ginas en las que est\u00e9n instalados, incluso en caso de que el usuario no los utilice.<\/p>\n<p><strong>Google Fonts (Google LLC)<\/strong><br \/>\nGoogle Fonts es un servicio de visualizaci\u00f3n de familias tipogr\u00e1ficas prestado por Google LLC que permite a www.translatelo.com incorporar tales contenidos en sus p\u00e1ginas.<br \/>\nDatos personales tratados: datos de uso y rastreador.<br \/>\nLugar de tratamiento: EE. UU. \u2013\u00a0<a href=\"https:\/\/policies.google.com\/privacy\" target=\"_blank\" rel=\"noopener\">Pol\u00edtica de privacidad<\/a>.<\/p>\n<p><strong>Medici\u00f3n<\/strong><br \/>\nwww.translatelo.com utiliza rastreadores para medir el tr\u00e1fico y analizar el comportamiento de los usuarios con el objetivo de mejorar el servicio.<\/p>\n<p><strong>Estad\u00edsticas<\/strong><br \/>\nLos servicios contenidos en esta secci\u00f3n permiten a la titular monitorizar y analizar el tr\u00e1fico web y pueden ser utilizados para rastrear el comportamiento del usuario.<\/p>\n<p><strong>Google Analytics (Google LLC)<\/strong><br \/>\nGoogle Analytics es un servicio de an\u00e1lisis web prestado por Google LLC (\u201cGoogle\u201d). Google utiliza los datos recogidos para rastrear y examinar el uso de www.translatelo.com, para preparar informes de sus actividades y compartirlos con otros servicios de Google.\u2028Google puede utilizar los datos recogidos para contextualizar y personalizar los anuncios de su propia red de publicidad.<br \/>\nDatos personales tratados: datos de uso y rastreador.<br \/>\nLugar de tratamiento: EE. UU. \u2013\u00a0Pol\u00edtica de privacidad\u00a0\u2013\u00a0Opt Out.<br \/>\nDuraci\u00f3n del almacenamiento:<br \/>\nAMP_TOKEN: 1 hora<br \/>\n__utma: 2 a\u00f1os<br \/>\n__utmb: 30 minutos<br \/>\n__utmc: duraci\u00f3n de la sesi\u00f3n<br \/>\n__utmt: 10 minutos<br \/>\n__utmv: 2 a\u00f1os<br \/>\n__utmz: 7 meses<br \/>\n_ga: 2 a\u00f1os<br \/>\n_gac*: 3 meses<br \/>\n_gat: 1 minuto<br \/>\n_gid: 1 d\u00eda<\/p>\n<p><strong>C\u00f3mo gestionar preferencias y otorgar o revocar el consentimiento<\/strong><br \/>\nExisten varias maneras de gestionar las preferencias relacionadas con los rastreadores y de otorgar o revocar el consentimiento, cuando corresponda:<br \/>\nLos usuarios podr\u00e1n gestionar preferencias relacionadas con los rastreadores directamente desde la configuraci\u00f3n de sus propios dispositivos, por ejemplo, impidiendo el uso o el almacenamiento de rastreadores.<br \/>\nAsimismo, siempre que el uso de los rastreadores se base en el consentimiento, los usuarios podr\u00e1n prestar o revocar dicho consentimiento estableciendo sus preferencias dentro del aviso sobre <em>cookies<\/em> o actualizando dichas preferencias en el sentido que deseen a trav\u00e9s del widget de preferencias de consentimiento correspondiente, si lo hubiera.<br \/>\nTambi\u00e9n es posible borrar rastreadores almacenados previamente, incluyendo aquellos utilizados para recordar el consentimiento inicial del usuario, a trav\u00e9s de las funcionalidades correspondientes del navegador o del dispositivo.<br \/>\nAl borrar el historial de navegaci\u00f3n es posible que se eliminen otros rastreadores de la memoria local del navegador.<br \/>\nEn cuanto a los rastreadores de terceros, los usuarios podr\u00e1n gestionar sus preferencias y revocar su consentimiento a trav\u00e9s del enlace de inhabilitaci\u00f3n relacionado (cuando exista), utilizando los medios indicados en la pol\u00edtica de privacidad del tercero o contactando con dicho tercero.<\/p>\n<p><strong>Localizaci\u00f3n de la configuraci\u00f3n de rastreadores<\/strong><br \/>\nPor ejemplo, los usuarios podr\u00e1n encontrar informaci\u00f3n sobre c\u00f3mo gestionar las <em>cookies<\/em> en los navegadores de uso m\u00e1s frecuente en las siguientes direcciones:<\/p>\n<ul>\n<li><a href=\"https:\/\/support.google.com\/chrome\/answer\/95647?hl=en&amp;p=cpn_cookies\" target=\"_blank\" rel=\"noopener\">Google Chrome<\/a><\/li>\n<li><a href=\"https:\/\/support.mozilla.org\/en-US\/kb\/enable-and-disable-cookies-website-preferences\" target=\"_blank\" rel=\"noopener\">Mozilla Firefox<\/a><\/li>\n<li><a href=\"https:\/\/support.apple.com\/guide\/safari\/manage-cookies-and-website-data-sfri11471\/\" target=\"_blank\" rel=\"noopener\">Apple Safari<\/a><\/li>\n<li><a href=\"http:\/\/windows.microsoft.com\/en-us\/windows-vista\/block-or-allow-cookies\" target=\"_blank\" rel=\"noopener\">Microsoft Internet Explorer<\/a><\/li>\n<li><a href=\"https:\/\/support.microsoft.com\/en-us\/help\/4027947\" target=\"_blank\" rel=\"noopener\">Microsoft Edge<\/a><\/li>\n<li><a href=\"https:\/\/support.brave.com\/hc\/en-us\/articles\/360022806212-How-do-I-use-Shields-while-browsing\" target=\"_blank\" rel=\"noopener\">Brave<\/a><\/li>\n<li><a href=\"https:\/\/help.opera.com\/en\/latest\/web-preferences\/#cookies\" target=\"_blank\" rel=\"noopener\">Opera<\/a><\/li>\n<\/ul>\n<p>Los usuarios tambi\u00e9n podr\u00e1n gestionar determinadas categor\u00edas de rastreadores utilizados en aplicaciones m\u00f3viles inhabilit\u00e1ndolos a trav\u00e9s de la configuraci\u00f3n del dispositivo relevante, como la configuraci\u00f3n de publicidad del dispositivo para dispositivos m\u00f3viles o la configuraci\u00f3n de rastreo en general (los usuarios podr\u00e1n abrir la configuraci\u00f3n del dispositivo y buscar la opci\u00f3n relevante).<\/p>\n<h3>Titular y responsable de tratamiento<\/h3>\n<p>Elo\u00edsa Guerra Santos. NIF: 75866420T.<\/p>\n<p><strong>Correo electr\u00f3nico de contacto de la titular<\/strong><br \/>\ninfo(arroba)translatelo.com<br \/>\nDado que la titular no puede controlar por completo el uso de rastreadores de terceros a trav\u00e9s de www.translatelo.com, cualquier referencia espec\u00edfica a rastreadores de terceros se considerar\u00e1 orientativa. Con el fin de obtener informaci\u00f3n completa, se ruega a los usuarios que consulten las correspondientes pol\u00edticas de privacidad de los servicios de terceros enumerados en el presente documento.<br \/>\nEn vista de la complejidad objetiva que rodea a las tecnolog\u00edas de seguimiento, se anima a los usuarios a contactar con la titular en caso de que deseen recibir informaci\u00f3n adicional sobre el uso de dichas tecnolog\u00edas por www.translatelo.com.<\/p>\n<h3>Definiciones y referencias legales<\/h3>\n<p><strong>Datos personales (o datos)<\/strong><br \/>\nConstituye un dato personal cualquier informaci\u00f3n que, directa, indirectamente o en relaci\u00f3n con otra informaci\u00f3n \u2014incluido un n\u00famero de identificaci\u00f3n personal\u2014 permita identificar a una persona f\u00edsica.<\/p>\n<p><strong>Datos de uso<\/strong><br \/>\nLas informaciones recogidas de forma autom\u00e1tica por www.translatelo.com (o por servicios de terceros utilizados por www.translatelo.com), podr\u00e1n incluir: las direcciones IP o nombres de dominio de los ordenadores utilizados por el usuario que se conecte a www.translatelo.com, las direcciones URI (<em>Uniform Resource Identifier<\/em>), la hora de la solicitud, el m\u00e9todo utilizado para realizar la solicitud al servidor, las dimensiones del archivo obtenido en respuesta, el c\u00f3digo num\u00e9rico indicando el estado de la respuesta del servidor (resultado satisfactorio, error, etc.), el pa\u00eds de origen, las caracter\u00edsticas del navegador y del sistema operativo utilizados por el visitante, las diversas coordenadas temporales de la visita (por ejemplo, el tiempo de permanencia en cada una de las p\u00e1ginas) y los detalles relativos al itinerario seguido dentro del sitio web, con especial referencia a la secuencia de p\u00e1ginas consultadas, a los par\u00e1metros relativos al sistema operativo y al entorno inform\u00e1tico del usuario.<\/p>\n<p><strong>Usuario<\/strong><br \/>\nEl individuo que utilice www.translatelo.com, quien, a menos que se indique lo contrario, deber\u00e1 coincidir con el interesado.<\/p>\n<p><strong>Interesado<\/strong><br \/>\nLa persona f\u00edsica a la que se refieren los datos personales.<br \/>\nEncargado del tratamiento (o supervisor de datos)<br \/>\nLa persona f\u00edsica o jur\u00eddica, administraci\u00f3n p\u00fablica, agencia o cualquier otra instituci\u00f3n, que procese los datos personales en nombre del responsable del tratamiento, descrita en la presente pol\u00edtica de privacidad.<\/p>\n<p><strong>Responsable del tratamiento (o titular)<\/strong><br \/>\nLa persona f\u00edsica o jur\u00eddica, administraci\u00f3n p\u00fablica, agencia o cualquier otra instituci\u00f3n, que actuando en solitario o conjuntamente con otras, determine las finalidades y las medidas del tratamiento de los datos personales, incluidas las medidas de seguridad relativas al funcionamiento y al uso de www.translatelo.com. A menos que se especifique lo contrario, el responsable del tratamiento es la titular de www.translatelo.com.<\/p>\n<p><strong>www.translatelo.com (o este sitio web)<\/strong><br \/>\nEl medio a trav\u00e9s del cual se han recogido y tratado los datos personales del usuario.<\/p>\n<p><strong>Servicio<\/strong><br \/>\nEl servicio proporcionado por www.translatelo.com, tal y como se describe en las definiciones y referencias legales (en caso de estar disponibles) y en esta p\u00e1gina o sitio web.<\/p>\n<p><strong>Uni\u00f3n Europea (o UE)<\/strong><br \/>\nA menos que se indique lo contrario, todas las referencias hechas a la Uni\u00f3n Europea en el presente documento incluyen todos los actuales Estados miembros de la Uni\u00f3n Europea y del Espacio Econ\u00f3mico Europeo.<\/p>\n<p><em><strong>Cookie<\/strong><\/em><br \/>\nLas <em>cookies<\/em> son rastreadores que consisten en peque\u00f1as cantidades de datos almacenados en el navegador del usuario.<\/p>\n<p><strong>Rastreador<\/strong><br \/>\nRastreador designa cualquier tecnolog\u00eda \u2014p. ej. <em>cookies<\/em>, identificadores \u00fanicos, balizas web, <em>scripts<\/em> incrustados, etiquetas de entidad y creaci\u00f3n de huella digital\u2014 que permite rastrear a los usuarios, por ejemplo, accediendo a informaci\u00f3n o almacen\u00e1ndola en el dispositivo del usuario.<\/p>\n<h3>Informaci\u00f3n legal<\/h3>\n<p>Esta pol\u00edtica de privacidad se ha redactado con base en las provisiones de m\u00faltiples legislaciones, incluyendo los Arts. 13 y 14 del Reglamento (UE) 2016\/679 (Reglamento general de protecci\u00f3n de datos).<br \/>\nEsta pol\u00edtica de privacidad se refiere solo a www.translatelo.com, a menos que se indique lo contrario en el presente documento.[\/vc_column_text][\/vc_column][\/vc_row]<\/p>\n<\/div>","protected":false},"excerpt":{"rendered":"<p>[vc_row full_width=&#8221;stretch_row_content_no_spaces&#8221; kd_background_image_position=&#8221;vc_row-bg-position-top&#8221; kd_bottom_separator_style=&#8221;static-waves&#8221; kd_bottom_separator_height=&#8221;separator-height-large&#8221; kd_bottom_separator=&#8221;true&#8221; kd_bottom_separator_bg=&#8221;#ffffff&#8221; css_mobile=&#8221;.vc_custom_1646816659448{padding-top: 20px !important;padding-right: 30px !important;padding-left: 30px !important;}&#8221; css=&#8221;.vc_custom_1646816659447{padding-top: 100px !important;padding-bottom: 100px !important;background-color: #f7f4fc [&hellip;]<\/p>\n","protected":false},"author":1,"featured_media":0,"parent":0,"menu_order":0,"comment_status":"closed","ping_status":"closed","template":"","meta":{"footnotes":""},"class_list":["post-9982","page","type-page","status-publish","hentry"],"yoast_head":"<!-- This site is optimized with the Yoast SEO plugin v27.4 - https:\/\/yoast.com\/product\/yoast-seo-wordpress\/ -->\n<title>Pol\u00edtica de cookies - Translatelo - Elo\u00edsa Guerra<\/title>\n<meta name=\"robots\" content=\"index, follow, max-snippet:-1, max-image-preview:large, max-video-preview:-1\" \/>\n<link rel=\"canonical\" href=\"https:\/\/translatelo.com\/es\/politica-de-cookies\/\" \/>\n<meta property=\"og:locale\" content=\"es_ES\" \/>\n<meta property=\"og:type\" content=\"article\" \/>\n<meta property=\"og:title\" content=\"Pol\u00edtica de cookies - Translatelo - Elo\u00edsa Guerra\" \/>\n<meta property=\"og:description\" content=\"[vc_row full_width=&#8221;stretch_row_content_no_spaces&#8221; kd_background_image_position=&#8221;vc_row-bg-position-top&#8221; kd_bottom_separator_style=&#8221;static-waves&#8221; kd_bottom_separator_height=&#8221;separator-height-large&#8221; kd_bottom_separator=&#8221;true&#8221; kd_bottom_separator_bg=&#8221;#ffffff&#8221; css_mobile=&#8221;.vc_custom_1646816659448{padding-top: 20px !important;padding-right: 30px !important;padding-left: 30px !important;}&#8221; css=&#8221;.vc_custom_1646816659447{padding-top: 100px !important;padding-bottom: 100px !important;background-color: #f7f4fc [&hellip;]\" \/>\n<meta property=\"og:url\" content=\"https:\/\/translatelo.com\/es\/politica-de-cookies\/\" \/>\n<meta property=\"og:site_name\" content=\"Translatelo - Elo\u00edsa Guerra\" \/>\n<meta property=\"article:modified_time\" content=\"2024-08-20T01:06:29+00:00\" \/>\n<meta name=\"twitter:card\" content=\"summary_large_image\" \/>\n<meta name=\"twitter:label1\" content=\"Tiempo de lectura\" \/>\n\t<meta name=\"twitter:data1\" content=\"8 minutos\" \/>\n<script type=\"application\/ld+json\" class=\"yoast-schema-graph\">{\"@context\":\"https:\\\/\\\/schema.org\",\"@graph\":[{\"@type\":\"WebPage\",\"@id\":\"https:\\\/\\\/translatelo.com\\\/es\\\/politica-de-cookies\\\/\",\"url\":\"https:\\\/\\\/translatelo.com\\\/es\\\/politica-de-cookies\\\/\",\"name\":\"Pol\u00edtica de cookies - Translatelo - Elo\u00edsa Guerra\",\"isPartOf\":{\"@id\":\"https:\\\/\\\/translatelo.com\\\/es\\\/#website\"},\"datePublished\":\"2022-04-26T09:52:19+00:00\",\"dateModified\":\"2024-08-20T01:06:29+00:00\",\"breadcrumb\":{\"@id\":\"https:\\\/\\\/translatelo.com\\\/es\\\/politica-de-cookies\\\/#breadcrumb\"},\"inLanguage\":\"es\",\"potentialAction\":[{\"@type\":\"ReadAction\",\"target\":[\"https:\\\/\\\/translatelo.com\\\/es\\\/politica-de-cookies\\\/\"]}]},{\"@type\":\"BreadcrumbList\",\"@id\":\"https:\\\/\\\/translatelo.com\\\/es\\\/politica-de-cookies\\\/#breadcrumb\",\"itemListElement\":[{\"@type\":\"ListItem\",\"position\":1,\"name\":\"Home\",\"item\":\"https:\\\/\\\/translatelo.com\\\/es\\\/\"},{\"@type\":\"ListItem\",\"position\":2,\"name\":\"Pol\u00edtica de cookies\"}]},{\"@type\":\"WebSite\",\"@id\":\"https:\\\/\\\/translatelo.com\\\/es\\\/#website\",\"url\":\"https:\\\/\\\/translatelo.com\\\/es\\\/\",\"name\":\"Translatelo - Elo\u00edsa Guerra\",\"description\":\"Saving good people from bad translations. English to Castilian Spanish.\",\"publisher\":{\"@id\":\"https:\\\/\\\/translatelo.com\\\/es\\\/#\\\/schema\\\/person\\\/3618aebb63d01a04aad7c1bb43061836\"},\"potentialAction\":[{\"@type\":\"SearchAction\",\"target\":{\"@type\":\"EntryPoint\",\"urlTemplate\":\"https:\\\/\\\/translatelo.com\\\/es\\\/?s={search_term_string}\"},\"query-input\":{\"@type\":\"PropertyValueSpecification\",\"valueRequired\":true,\"valueName\":\"search_term_string\"}}],\"inLanguage\":\"es\"},{\"@type\":[\"Person\",\"Organization\"],\"@id\":\"https:\\\/\\\/translatelo.com\\\/es\\\/#\\\/schema\\\/person\\\/3618aebb63d01a04aad7c1bb43061836\",\"name\":\"Elo\u00edsa Guerra Santos\",\"image\":{\"@type\":\"ImageObject\",\"inLanguage\":\"es\",\"@id\":\"https:\\\/\\\/translatelo.com\\\/wp-content\\\/uploads\\\/2026\\\/04\\\/Elos-Profile-Pic-e1775481116790.jpg\",\"url\":\"https:\\\/\\\/translatelo.com\\\/wp-content\\\/uploads\\\/2026\\\/04\\\/Elos-Profile-Pic-e1775481116790.jpg\",\"contentUrl\":\"https:\\\/\\\/translatelo.com\\\/wp-content\\\/uploads\\\/2026\\\/04\\\/Elos-Profile-Pic-e1775481116790.jpg\",\"width\":696,\"height\":696,\"caption\":\"Elo\u00edsa Guerra Santos\"},\"logo\":{\"@id\":\"https:\\\/\\\/translatelo.com\\\/wp-content\\\/uploads\\\/2026\\\/04\\\/Elos-Profile-Pic-e1775481116790.jpg\"},\"sameAs\":[\"https:\\\/\\\/translatelo.com\"]}]}<\/script>\n<!-- \/ Yoast SEO plugin. -->","yoast_head_json":{"title":"Pol\u00edtica de cookies - Translatelo - Elo\u00edsa Guerra","robots":{"index":"index","follow":"follow","max-snippet":"max-snippet:-1","max-image-preview":"max-image-preview:large","max-video-preview":"max-video-preview:-1"},"canonical":"https:\/\/translatelo.com\/es\/politica-de-cookies\/","og_locale":"es_ES","og_type":"article","og_title":"Pol\u00edtica de cookies - Translatelo - Elo\u00edsa Guerra","og_description":"[vc_row full_width=&#8221;stretch_row_content_no_spaces&#8221; kd_background_image_position=&#8221;vc_row-bg-position-top&#8221; kd_bottom_separator_style=&#8221;static-waves&#8221; kd_bottom_separator_height=&#8221;separator-height-large&#8221; kd_bottom_separator=&#8221;true&#8221; kd_bottom_separator_bg=&#8221;#ffffff&#8221; css_mobile=&#8221;.vc_custom_1646816659448{padding-top: 20px !important;padding-right: 30px !important;padding-left: 30px !important;}&#8221; css=&#8221;.vc_custom_1646816659447{padding-top: 100px !important;padding-bottom: 100px !important;background-color: #f7f4fc [&hellip;]","og_url":"https:\/\/translatelo.com\/es\/politica-de-cookies\/","og_site_name":"Translatelo - Elo\u00edsa Guerra","article_modified_time":"2024-08-20T01:06:29+00:00","twitter_card":"summary_large_image","twitter_misc":{"Tiempo de lectura":"8 minutos"},"schema":{"@context":"https:\/\/schema.org","@graph":[{"@type":"WebPage","@id":"https:\/\/translatelo.com\/es\/politica-de-cookies\/","url":"https:\/\/translatelo.com\/es\/politica-de-cookies\/","name":"Pol\u00edtica de cookies - Translatelo - Elo\u00edsa Guerra","isPartOf":{"@id":"https:\/\/translatelo.com\/es\/#website"},"datePublished":"2022-04-26T09:52:19+00:00","dateModified":"2024-08-20T01:06:29+00:00","breadcrumb":{"@id":"https:\/\/translatelo.com\/es\/politica-de-cookies\/#breadcrumb"},"inLanguage":"es","potentialAction":[{"@type":"ReadAction","target":["https:\/\/translatelo.com\/es\/politica-de-cookies\/"]}]},{"@type":"BreadcrumbList","@id":"https:\/\/translatelo.com\/es\/politica-de-cookies\/#breadcrumb","itemListElement":[{"@type":"ListItem","position":1,"name":"Home","item":"https:\/\/translatelo.com\/es\/"},{"@type":"ListItem","position":2,"name":"Pol\u00edtica de cookies"}]},{"@type":"WebSite","@id":"https:\/\/translatelo.com\/es\/#website","url":"https:\/\/translatelo.com\/es\/","name":"Translatelo - Elo\u00edsa Guerra","description":"Saving good people from bad translations. English to Castilian Spanish.","publisher":{"@id":"https:\/\/translatelo.com\/es\/#\/schema\/person\/3618aebb63d01a04aad7c1bb43061836"},"potentialAction":[{"@type":"SearchAction","target":{"@type":"EntryPoint","urlTemplate":"https:\/\/translatelo.com\/es\/?s={search_term_string}"},"query-input":{"@type":"PropertyValueSpecification","valueRequired":true,"valueName":"search_term_string"}}],"inLanguage":"es"},{"@type":["Person","Organization"],"@id":"https:\/\/translatelo.com\/es\/#\/schema\/person\/3618aebb63d01a04aad7c1bb43061836","name":"Elo\u00edsa Guerra Santos","image":{"@type":"ImageObject","inLanguage":"es","@id":"https:\/\/translatelo.com\/wp-content\/uploads\/2026\/04\/Elos-Profile-Pic-e1775481116790.jpg","url":"https:\/\/translatelo.com\/wp-content\/uploads\/2026\/04\/Elos-Profile-Pic-e1775481116790.jpg","contentUrl":"https:\/\/translatelo.com\/wp-content\/uploads\/2026\/04\/Elos-Profile-Pic-e1775481116790.jpg","width":696,"height":696,"caption":"Elo\u00edsa Guerra Santos"},"logo":{"@id":"https:\/\/translatelo.com\/wp-content\/uploads\/2026\/04\/Elos-Profile-Pic-e1775481116790.jpg"},"sameAs":["https:\/\/translatelo.com"]}]}},"_links":{"self":[{"href":"https:\/\/translatelo.com\/es\/wp-json\/wp\/v2\/pages\/9982","targetHints":{"allow":["GET"]}}],"collection":[{"href":"https:\/\/translatelo.com\/es\/wp-json\/wp\/v2\/pages"}],"about":[{"href":"https:\/\/translatelo.com\/es\/wp-json\/wp\/v2\/types\/page"}],"author":[{"embeddable":true,"href":"https:\/\/translatelo.com\/es\/wp-json\/wp\/v2\/users\/1"}],"replies":[{"embeddable":true,"href":"https:\/\/translatelo.com\/es\/wp-json\/wp\/v2\/comments?post=9982"}],"version-history":[{"count":4,"href":"https:\/\/translatelo.com\/es\/wp-json\/wp\/v2\/pages\/9982\/revisions"}],"predecessor-version":[{"id":10107,"href":"https:\/\/translatelo.com\/es\/wp-json\/wp\/v2\/pages\/9982\/revisions\/10107"}],"wp:attachment":[{"href":"https:\/\/translatelo.com\/es\/wp-json\/wp\/v2\/media?parent=9982"}],"curies":[{"name":"wp","href":"https:\/\/api.w.org\/{rel}","templated":true}]}}