{"id":9955,"date":"2018-10-22T13:48:34","date_gmt":"2018-10-22T13:48:34","guid":{"rendered":"https:\/\/translatelo.com\/contact\/"},"modified":"2026-04-06T15:14:44","modified_gmt":"2026-04-06T15:14:44","slug":"contacto","status":"publish","type":"page","link":"https:\/\/translatelo.com\/es\/contacto\/","title":{"rendered":"Contacto"},"content":{"rendered":"<div class=\"wpb-content-wrapper\"><p>[vc_row full_width=&#8221;stretch_row_content_no_spaces&#8221; kd_background_image_position=&#8221;vc_row-bg-position-top&#8221; kd_bottom_separator_style=&#8221;static-waves&#8221; kd_bottom_separator_height=&#8221;separator-height-large&#8221; kd_bottom_separator=&#8221;true&#8221; kd_bottom_separator_bg=&#8221;#ffffff&#8221; css_mobile=&#8221;.vc_custom_1646816659448{padding-top: 20px !important;padding-right: 30px !important;padding-left: 30px !important;}&#8221; css=&#8221;.vc_custom_1646816659447{padding-top: 100px !important;padding-bottom: 100px !important;background-color: #f7f4fc !important;}&#8221; css_tablet_portrait=&#8221;.vc_custom_1646816659448{padding-top: 40px !important;}&#8221;][vc_column]<header class=\"kd-section-title col-lg-12 text-center  subtitle-below-title kd-animated fadeIn   vc_custom_1650964663003\" data-animation-delay=200><h1 class=\"separator_off\" >Contacto<\/h1><\/header><div class=\"particles-wrapper\" data-number=\"50\" data-shape=\"star\" data-size=\"4\" data-colors=\"['#eebbc4', '#a89ec0', '#e0b5cd', '#a9a2d8']\"><div id=\"particles-js-69ea36293730a\"><\/div><\/div>[\/vc_column][\/vc_row][vc_row full_width=&#8221;stretch_row&#8221; kd_background_image_position=&#8221;vc_row-bg-position-top&#8221; kd_bottom_separator_style=&#8221;static-waves&#8221; kd_bottom_separator_height=&#8221;separator-height-large&#8221; kd_bottom_separator=&#8221;true&#8221; css=&#8221;.vc_custom_1647252743027{padding-top: 20px !important;padding-bottom: 150px !important;}&#8221; css_tablet_portrait=&#8221;.vc_custom_1647252743028{padding-bottom: 0px !important;}&#8221; css_mobile=&#8221;.vc_custom_1647252743029{padding-bottom: 0px !important;}&#8221; css_tablet_landscape=&#8221;.vc_custom_1647252743027{padding-bottom: 0px !important;}&#8221; kd_bottom_separator_bg=&#8221;#21233f&#8221;][vc_column][vc_row_inner content_placement=&#8221;middle&#8221; kd_background_image_position=&#8221;vc_row-bg-position-top&#8221;][vc_column_inner width=&#8221;1\/2&#8243; css=&#8221;.vc_custom_1600784379181{padding-top: 36px !important;padding-right: 37px !important;padding-left: 0px !important;}&#8221; css_tablet_landscape=&#8221;.vc_custom_1600784379181{padding-top: 0px !important;}&#8221; offset=&#8221;vc_col-lg-6 vc_col-md-12&#8243; css_tablet_portrait=&#8221;.vc_custom_1600784379182{padding-top: 0px !important;padding-right: 0px !important;}&#8221; css_mobile=&#8221;.vc_custom_1600784379182{padding-top: 0px !important;padding-right: 0px !important;}&#8221;][vc_column_text css=&#8221;&#8221;]<\/p>\n<h2>Hablemos de tu proyecto<\/h2>\n<p data-start=\"143\" data-end=\"190\">Yo, desde luego, tengo muchas ganas de empezar.<\/p>\n<p data-start=\"192\" data-end=\"316\">Tanto si tienes todo claro como si a\u00fan est\u00e1s d\u00e1ndole vueltas, puedes escribirme por email\u2026 o, si lo prefieres, por WhatsApp.<\/p>\n<p data-start=\"318\" data-end=\"366\">Estar\u00e9 encantada de ayudarte con cualquier duda.<\/p>\n<p data-start=\"368\" data-end=\"487\">Y, si me das algunos detalles sobre tu proyecto, mejor a\u00fan: as\u00ed podr\u00e9 entender bien qu\u00e9 necesitas y c\u00f3mo puedo ayudarte.<\/p>\n<p><strong>Talk to you soon!<\/strong>[\/vc_column_text][vc_empty_space height=&#8221;20px&#8221;]<div class=\"key-icon-box icon-default icon-left cont-left ib-no-effect       kd-animated fadeIn\" style=\"background-color: transparent;\" data-animation-delay=400><a href=\"mailto:info@translatelo.com\" target=\"_self\"><i class=\"iconsmind-Envelope iconsmind-Emails\" style=\"font-size: 22px;font-weight: 400;\"><\/i> <h6 class=\"service-heading\" >info@translatelo.com<\/h6><\/a><\/div>[vc_empty_space height=&#8221;10px&#8221;]<div class=\"key-icon-box icon-default icon-left cont-left ib-no-effect       kd-animated fadeIn\" style=\"background-color: transparent;margin-bottom:40px;\" data-animation-delay=200><a href=\"tel:+34636012408\" target=\"_self\"><i class=\"iconsmind-Phone-SMS iconsmind-Desktop-apps\" style=\"font-size: 22px;font-weight: 400;\"><\/i> <h6 class=\"service-heading\" >+34636012408 \/ +17579666906<\/h6><\/a><\/div>[\/vc_column_inner][vc_column_inner el_class=&#8221;with-shadow&#8221; width=&#8221;1\/2&#8243; css=&#8221;.vc_custom_1600784305508{padding-top: 55px !important;padding-right: 85px !important;padding-bottom: 29px !important;padding-left: 85px !important;background-color: #ffffff !important;border-radius: 10px !important;}&#8221; css_tablet_landscape=&#8221;.vc_custom_1600784305508{margin-top: 50px !important;margin-bottom: 50px !important;padding-right: 40px !important;padding-left: 40px !important;}&#8221; offset=&#8221;vc_col-lg-6 vc_col-md-12&#8243; css_tablet_portrait=&#8221;.vc_custom_1600784305509{margin-bottom: 50px !important;padding-right: 15px !important;padding-left: 15px !important;}&#8221; css_mobile=&#8221;.vc_custom_1600784305509{margin-bottom: 50px !important;padding-right: 15px !important;padding-left: 15px !important;}&#8221;]<div class=\"kd-contact-form full-width-cf  cf-with-border   kd-animated fadeIn\" data-animation-delay=400>\n<div class=\"wpcf7 no-js\" id=\"wpcf7-f9957-o1\" lang=\"es-ES\" dir=\"ltr\" data-wpcf7-id=\"9957\">\n<div class=\"screen-reader-response\"><p role=\"status\" aria-live=\"polite\" aria-atomic=\"true\"><\/p> <ul><\/ul><\/div>\n<form action=\"\/es\/wp-json\/wp\/v2\/pages\/9955#wpcf7-f9957-o1\" method=\"post\" class=\"wpcf7-form init\" aria-label=\"Formulario de contacto\" novalidate=\"novalidate\" data-status=\"init\">\n<fieldset class=\"hidden-fields-container\"><input type=\"hidden\" name=\"_wpcf7\" value=\"9957\" \/><input type=\"hidden\" name=\"_wpcf7_version\" value=\"6.1.5\" \/><input type=\"hidden\" name=\"_wpcf7_locale\" value=\"es_ES\" \/><input type=\"hidden\" name=\"_wpcf7_unit_tag\" value=\"wpcf7-f9957-o1\" \/><input type=\"hidden\" name=\"_wpcf7_container_post\" value=\"0\" \/><input type=\"hidden\" name=\"_wpcf7_posted_data_hash\" value=\"\" \/>\n<\/fieldset>\n<p><span class=\"wpcf7-form-control-wrap\" data-name=\"your-name\"><input size=\"40\" maxlength=\"400\" class=\"wpcf7-form-control wpcf7-text wpcf7-validates-as-required\" aria-required=\"true\" aria-invalid=\"false\" placeholder=\"Escribe tu nombre\" value=\"\" type=\"text\" name=\"your-name\" \/><\/span><br \/>\n<span class=\"wpcf7-form-control-wrap\" data-name=\"your-email\"><input size=\"40\" maxlength=\"400\" class=\"wpcf7-form-control wpcf7-email wpcf7-validates-as-required wpcf7-text wpcf7-validates-as-email\" aria-required=\"true\" aria-invalid=\"false\" placeholder=\"Escribe tu correo electr\u00f3nico\" value=\"\" type=\"email\" name=\"your-email\" \/><\/span><br \/>\n<span class=\"wpcf7-form-control-wrap\" data-name=\"your-message\"><textarea cols=\"40\" rows=\"10\" maxlength=\"2000\" class=\"wpcf7-form-control wpcf7-textarea\" aria-invalid=\"false\" placeholder=\"Tu mensaje\" name=\"your-message\"><\/textarea><\/span><br \/>\n<input type=\"hidden\" name=\"_wpcf7_captcha_challenge_captcha-4\" value=\"611949349\" \/><img loading=\"lazy\" decoding=\"async\" class=\"wpcf7-form-control wpcf7-captchac wpcf7-captcha-captcha-4\" width=\"72\" height=\"24\" alt=\"captcha\" src=\"https:\/\/translatelo.com\/wp-content\/uploads\/wpcf7_captcha\/611949349.png\" \/><br \/>\n<span class=\"wpcf7-form-control-wrap\" data-name=\"captcha-4\"><input size=\"40\" class=\"wpcf7-form-control wpcf7-captchar\" autocomplete=\"off\" aria-invalid=\"false\" value=\"\" type=\"text\" name=\"captcha-4\" \/><\/span>\n<\/p>\n<p><input class=\"wpcf7-form-control wpcf7-submit has-spinner\" type=\"submit\" value=\"Enviar\" \/>\n<\/p><div class=\"wpcf7-response-output\" aria-hidden=\"true\"><\/div>\n<\/form>\n<\/div>\n<\/div>[\/vc_column_inner][\/vc_row_inner][\/vc_column][\/vc_row]<\/p>\n<\/div>","protected":false},"excerpt":{"rendered":"<p>[vc_row full_width=&#8221;stretch_row_content_no_spaces&#8221; kd_background_image_position=&#8221;vc_row-bg-position-top&#8221; kd_bottom_separator_style=&#8221;static-waves&#8221; kd_bottom_separator_height=&#8221;separator-height-large&#8221; kd_bottom_separator=&#8221;true&#8221; kd_bottom_separator_bg=&#8221;#ffffff&#8221; css_mobile=&#8221;.vc_custom_1646816659448{padding-top: 20px !important;padding-right: 30px !important;padding-left: 30px !important;}&#8221; css=&#8221;.vc_custom_1646816659447{padding-top: 100px !important;padding-bottom: 100px !important;background-color: #f7f4fc [&hellip;]<\/p>\n","protected":false},"author":1,"featured_media":9915,"parent":0,"menu_order":0,"comment_status":"closed","ping_status":"closed","template":"","meta":{"footnotes":""},"class_list":["post-9955","page","type-page","status-publish","has-post-thumbnail","hentry"],"yoast_head":"<!-- This site is optimized with the Yoast SEO plugin v27.4 - https:\/\/yoast.com\/product\/yoast-seo-wordpress\/ -->\n<title>Reserva un proyecto de traducci\u00f3n de ingl\u00e9s a castellano | Ponte en contacto<\/title>\n<meta name=\"description\" content=\"En Translatelo puedes encargar todos los servicios ling\u00fc\u00edsticos en espa\u00f1ol en un solo lugar. \u00a1Hablemos del proyecto que tienes en mente hoy mismo! Ponte en contacto.\" \/>\n<meta name=\"robots\" content=\"index, follow, max-snippet:-1, max-image-preview:large, max-video-preview:-1\" \/>\n<link rel=\"canonical\" href=\"https:\/\/translatelo.com\/es\/contacto\/\" \/>\n<meta property=\"og:locale\" content=\"es_ES\" \/>\n<meta property=\"og:type\" content=\"article\" \/>\n<meta property=\"og:title\" content=\"Reserva un proyecto de traducci\u00f3n de ingl\u00e9s a castellano | Ponte en contacto\" \/>\n<meta property=\"og:description\" content=\"En Translatelo puedes encargar todos los servicios ling\u00fc\u00edsticos en espa\u00f1ol en un solo lugar. \u00a1Hablemos del proyecto que tienes en mente hoy mismo! Ponte en contacto.\" \/>\n<meta property=\"og:url\" content=\"https:\/\/translatelo.com\/es\/contacto\/\" \/>\n<meta property=\"og:site_name\" content=\"Translatelo - Elo\u00edsa Guerra\" \/>\n<meta property=\"article:modified_time\" content=\"2026-04-06T15:14:44+00:00\" \/>\n<meta property=\"og:image\" content=\"https:\/\/translatelo.com\/wp-content\/uploads\/2020\/11\/dots-shape.png\" \/>\n\t<meta property=\"og:image:width\" content=\"1370\" \/>\n\t<meta property=\"og:image:height\" content=\"241\" \/>\n\t<meta property=\"og:image:type\" content=\"image\/png\" \/>\n<meta name=\"twitter:card\" content=\"summary_large_image\" \/>\n<meta name=\"twitter:label1\" content=\"Tiempo de lectura\" \/>\n\t<meta name=\"twitter:data1\" content=\"2 minutos\" \/>\n<script type=\"application\/ld+json\" class=\"yoast-schema-graph\">{\"@context\":\"https:\\\/\\\/schema.org\",\"@graph\":[{\"@type\":\"WebPage\",\"@id\":\"https:\\\/\\\/translatelo.com\\\/es\\\/contacto\\\/\",\"url\":\"https:\\\/\\\/translatelo.com\\\/es\\\/contacto\\\/\",\"name\":\"Reserva un proyecto de traducci\u00f3n de ingl\u00e9s a castellano | Ponte en contacto\",\"isPartOf\":{\"@id\":\"https:\\\/\\\/translatelo.com\\\/es\\\/#website\"},\"primaryImageOfPage\":{\"@id\":\"https:\\\/\\\/translatelo.com\\\/es\\\/contacto\\\/#primaryimage\"},\"image\":{\"@id\":\"https:\\\/\\\/translatelo.com\\\/es\\\/contacto\\\/#primaryimage\"},\"thumbnailUrl\":\"https:\\\/\\\/translatelo.com\\\/wp-content\\\/uploads\\\/2020\\\/11\\\/dots-shape.png\",\"datePublished\":\"2018-10-22T13:48:34+00:00\",\"dateModified\":\"2026-04-06T15:14:44+00:00\",\"description\":\"En Translatelo puedes encargar todos los servicios ling\u00fc\u00edsticos en espa\u00f1ol en un solo lugar. \u00a1Hablemos del proyecto que tienes en mente hoy mismo! Ponte en contacto.\",\"breadcrumb\":{\"@id\":\"https:\\\/\\\/translatelo.com\\\/es\\\/contacto\\\/#breadcrumb\"},\"inLanguage\":\"es\",\"potentialAction\":[{\"@type\":\"ReadAction\",\"target\":[\"https:\\\/\\\/translatelo.com\\\/es\\\/contacto\\\/\"]}]},{\"@type\":\"ImageObject\",\"inLanguage\":\"es\",\"@id\":\"https:\\\/\\\/translatelo.com\\\/es\\\/contacto\\\/#primaryimage\",\"url\":\"https:\\\/\\\/translatelo.com\\\/wp-content\\\/uploads\\\/2020\\\/11\\\/dots-shape.png\",\"contentUrl\":\"https:\\\/\\\/translatelo.com\\\/wp-content\\\/uploads\\\/2020\\\/11\\\/dots-shape.png\",\"width\":1370,\"height\":241},{\"@type\":\"BreadcrumbList\",\"@id\":\"https:\\\/\\\/translatelo.com\\\/es\\\/contacto\\\/#breadcrumb\",\"itemListElement\":[{\"@type\":\"ListItem\",\"position\":1,\"name\":\"Home\",\"item\":\"https:\\\/\\\/translatelo.com\\\/es\\\/\"},{\"@type\":\"ListItem\",\"position\":2,\"name\":\"Contacto\"}]},{\"@type\":\"WebSite\",\"@id\":\"https:\\\/\\\/translatelo.com\\\/es\\\/#website\",\"url\":\"https:\\\/\\\/translatelo.com\\\/es\\\/\",\"name\":\"Translatelo - Elo\u00edsa Guerra\",\"description\":\"Saving good people from bad translations. English to Castilian Spanish.\",\"publisher\":{\"@id\":\"https:\\\/\\\/translatelo.com\\\/es\\\/#\\\/schema\\\/person\\\/3618aebb63d01a04aad7c1bb43061836\"},\"potentialAction\":[{\"@type\":\"SearchAction\",\"target\":{\"@type\":\"EntryPoint\",\"urlTemplate\":\"https:\\\/\\\/translatelo.com\\\/es\\\/?s={search_term_string}\"},\"query-input\":{\"@type\":\"PropertyValueSpecification\",\"valueRequired\":true,\"valueName\":\"search_term_string\"}}],\"inLanguage\":\"es\"},{\"@type\":[\"Person\",\"Organization\"],\"@id\":\"https:\\\/\\\/translatelo.com\\\/es\\\/#\\\/schema\\\/person\\\/3618aebb63d01a04aad7c1bb43061836\",\"name\":\"Elo\u00edsa Guerra Santos\",\"image\":{\"@type\":\"ImageObject\",\"inLanguage\":\"es\",\"@id\":\"https:\\\/\\\/translatelo.com\\\/wp-content\\\/uploads\\\/2026\\\/04\\\/Elos-Profile-Pic-e1775481116790.jpg\",\"url\":\"https:\\\/\\\/translatelo.com\\\/wp-content\\\/uploads\\\/2026\\\/04\\\/Elos-Profile-Pic-e1775481116790.jpg\",\"contentUrl\":\"https:\\\/\\\/translatelo.com\\\/wp-content\\\/uploads\\\/2026\\\/04\\\/Elos-Profile-Pic-e1775481116790.jpg\",\"width\":696,\"height\":696,\"caption\":\"Elo\u00edsa Guerra Santos\"},\"logo\":{\"@id\":\"https:\\\/\\\/translatelo.com\\\/wp-content\\\/uploads\\\/2026\\\/04\\\/Elos-Profile-Pic-e1775481116790.jpg\"},\"sameAs\":[\"https:\\\/\\\/translatelo.com\"]}]}<\/script>\n<!-- \/ Yoast SEO plugin. -->","yoast_head_json":{"title":"Reserva un proyecto de traducci\u00f3n de ingl\u00e9s a castellano | Ponte en contacto","description":"En Translatelo puedes encargar todos los servicios ling\u00fc\u00edsticos en espa\u00f1ol en un solo lugar. \u00a1Hablemos del proyecto que tienes en mente hoy mismo! Ponte en contacto.","robots":{"index":"index","follow":"follow","max-snippet":"max-snippet:-1","max-image-preview":"max-image-preview:large","max-video-preview":"max-video-preview:-1"},"canonical":"https:\/\/translatelo.com\/es\/contacto\/","og_locale":"es_ES","og_type":"article","og_title":"Reserva un proyecto de traducci\u00f3n de ingl\u00e9s a castellano | Ponte en contacto","og_description":"En Translatelo puedes encargar todos los servicios ling\u00fc\u00edsticos en espa\u00f1ol en un solo lugar. \u00a1Hablemos del proyecto que tienes en mente hoy mismo! Ponte en contacto.","og_url":"https:\/\/translatelo.com\/es\/contacto\/","og_site_name":"Translatelo - Elo\u00edsa Guerra","article_modified_time":"2026-04-06T15:14:44+00:00","og_image":[{"width":1370,"height":241,"url":"https:\/\/translatelo.com\/wp-content\/uploads\/2020\/11\/dots-shape.png","type":"image\/png"}],"twitter_card":"summary_large_image","twitter_misc":{"Tiempo de lectura":"2 minutos"},"schema":{"@context":"https:\/\/schema.org","@graph":[{"@type":"WebPage","@id":"https:\/\/translatelo.com\/es\/contacto\/","url":"https:\/\/translatelo.com\/es\/contacto\/","name":"Reserva un proyecto de traducci\u00f3n de ingl\u00e9s a castellano | Ponte en contacto","isPartOf":{"@id":"https:\/\/translatelo.com\/es\/#website"},"primaryImageOfPage":{"@id":"https:\/\/translatelo.com\/es\/contacto\/#primaryimage"},"image":{"@id":"https:\/\/translatelo.com\/es\/contacto\/#primaryimage"},"thumbnailUrl":"https:\/\/translatelo.com\/wp-content\/uploads\/2020\/11\/dots-shape.png","datePublished":"2018-10-22T13:48:34+00:00","dateModified":"2026-04-06T15:14:44+00:00","description":"En Translatelo puedes encargar todos los servicios ling\u00fc\u00edsticos en espa\u00f1ol en un solo lugar. \u00a1Hablemos del proyecto que tienes en mente hoy mismo! Ponte en contacto.","breadcrumb":{"@id":"https:\/\/translatelo.com\/es\/contacto\/#breadcrumb"},"inLanguage":"es","potentialAction":[{"@type":"ReadAction","target":["https:\/\/translatelo.com\/es\/contacto\/"]}]},{"@type":"ImageObject","inLanguage":"es","@id":"https:\/\/translatelo.com\/es\/contacto\/#primaryimage","url":"https:\/\/translatelo.com\/wp-content\/uploads\/2020\/11\/dots-shape.png","contentUrl":"https:\/\/translatelo.com\/wp-content\/uploads\/2020\/11\/dots-shape.png","width":1370,"height":241},{"@type":"BreadcrumbList","@id":"https:\/\/translatelo.com\/es\/contacto\/#breadcrumb","itemListElement":[{"@type":"ListItem","position":1,"name":"Home","item":"https:\/\/translatelo.com\/es\/"},{"@type":"ListItem","position":2,"name":"Contacto"}]},{"@type":"WebSite","@id":"https:\/\/translatelo.com\/es\/#website","url":"https:\/\/translatelo.com\/es\/","name":"Translatelo - Elo\u00edsa Guerra","description":"Saving good people from bad translations. English to Castilian Spanish.","publisher":{"@id":"https:\/\/translatelo.com\/es\/#\/schema\/person\/3618aebb63d01a04aad7c1bb43061836"},"potentialAction":[{"@type":"SearchAction","target":{"@type":"EntryPoint","urlTemplate":"https:\/\/translatelo.com\/es\/?s={search_term_string}"},"query-input":{"@type":"PropertyValueSpecification","valueRequired":true,"valueName":"search_term_string"}}],"inLanguage":"es"},{"@type":["Person","Organization"],"@id":"https:\/\/translatelo.com\/es\/#\/schema\/person\/3618aebb63d01a04aad7c1bb43061836","name":"Elo\u00edsa Guerra Santos","image":{"@type":"ImageObject","inLanguage":"es","@id":"https:\/\/translatelo.com\/wp-content\/uploads\/2026\/04\/Elos-Profile-Pic-e1775481116790.jpg","url":"https:\/\/translatelo.com\/wp-content\/uploads\/2026\/04\/Elos-Profile-Pic-e1775481116790.jpg","contentUrl":"https:\/\/translatelo.com\/wp-content\/uploads\/2026\/04\/Elos-Profile-Pic-e1775481116790.jpg","width":696,"height":696,"caption":"Elo\u00edsa Guerra Santos"},"logo":{"@id":"https:\/\/translatelo.com\/wp-content\/uploads\/2026\/04\/Elos-Profile-Pic-e1775481116790.jpg"},"sameAs":["https:\/\/translatelo.com"]}]}},"_links":{"self":[{"href":"https:\/\/translatelo.com\/es\/wp-json\/wp\/v2\/pages\/9955","targetHints":{"allow":["GET"]}}],"collection":[{"href":"https:\/\/translatelo.com\/es\/wp-json\/wp\/v2\/pages"}],"about":[{"href":"https:\/\/translatelo.com\/es\/wp-json\/wp\/v2\/types\/page"}],"author":[{"embeddable":true,"href":"https:\/\/translatelo.com\/es\/wp-json\/wp\/v2\/users\/1"}],"replies":[{"embeddable":true,"href":"https:\/\/translatelo.com\/es\/wp-json\/wp\/v2\/comments?post=9955"}],"version-history":[{"count":13,"href":"https:\/\/translatelo.com\/es\/wp-json\/wp\/v2\/pages\/9955\/revisions"}],"predecessor-version":[{"id":10180,"href":"https:\/\/translatelo.com\/es\/wp-json\/wp\/v2\/pages\/9955\/revisions\/10180"}],"wp:featuredmedia":[{"embeddable":true,"href":"https:\/\/translatelo.com\/es\/wp-json\/wp\/v2\/media\/9915"}],"wp:attachment":[{"href":"https:\/\/translatelo.com\/es\/wp-json\/wp\/v2\/media?parent=9955"}],"curies":[{"name":"wp","href":"https:\/\/api.w.org\/{rel}","templated":true}]}}