{"id":9947,"date":"2022-03-01T12:28:53","date_gmt":"2022-03-01T12:28:53","guid":{"rendered":"https:\/\/translatelo.com\/services\/"},"modified":"2025-07-22T19:39:03","modified_gmt":"2025-07-22T19:39:03","slug":"que-hago","status":"publish","type":"page","link":"https:\/\/translatelo.com\/es\/que-hago\/","title":{"rendered":"\u00bfQu\u00e9 hago?"},"content":{"rendered":"<div class=\"wpb-content-wrapper\"><p>[vc_row full_width=&#8221;stretch_row_content_no_spaces&#8221; kd_background_image_position=&#8221;vc_row-bg-position-top&#8221; kd_bottom_separator_style=&#8221;static-waves&#8221; kd_bottom_separator_height=&#8221;separator-height-large&#8221; kd_bottom_separator=&#8221;true&#8221; kd_bottom_separator_bg=&#8221;#ffffff&#8221; css_mobile=&#8221;.vc_custom_1646816681103{padding-top: 20px !important;padding-right: 30px !important;padding-left: 30px !important;}&#8221; css=&#8221;.vc_custom_1646816681101{padding-top: 100px !important;padding-bottom: 100px !important;background-color: #f7f4fc !important;}&#8221; css_tablet_portrait=&#8221;.vc_custom_1646816681102{padding-top: 40px !important;}&#8221;][vc_column]<header class=\"kd-section-title col-lg-12 text-center  subtitle-below-title kd-animated fadeIn   vc_custom_1753210213469\" data-animation-delay=200><h1 class=\"separator_off\" >\u00bfQu\u00e9 hago?<\/h1><h6 class=\"subtitle\" style=\"color: #3e3861;font-size:15px;\">Soluciones ling\u00fc\u00edsticas eficaces y precisas que ahorran tiempo y consiguen resultados de calidad<\/h6><\/header><div class=\"particles-wrapper\" data-number=\"50\" data-shape=\"star\" data-size=\"4\" data-colors=\"['#eebbc4', '#a89ec0', '#e0b5cd', '#a9a2d8']\"><div id=\"particles-js-69ea36293c7b9\"><\/div><\/div>[\/vc_column][\/vc_row][vc_row kd_background_image_position=&#8221;vc_row-bg-position-top&#8221; css=&#8221;.vc_custom_1646393251311{padding-top: 20px !important;padding-bottom: 80px !important;}&#8221; css_tablet_landscape=&#8221;.vc_custom_1646393251312{padding-top: 50px !important;}&#8221; css_tablet_portrait=&#8221;.vc_custom_1646393251313{padding-top: 50px !important;}&#8221; css_mobile=&#8221;.vc_custom_1646393251313{padding-top: 50px !important;}&#8221;][vc_column css=&#8221;.vc_custom_1597665991208{padding-right: 0px !important;padding-left: 0px !important;}&#8221;][vc_row_inner kd_background_image_position=&#8221;vc_row-bg-position-top&#8221;][vc_column_inner width=&#8221;1\/3&#8243;]<div class=\"key-icon-box icon-default icon-top cont-center ib-hover-1  icon-with-shadow  with-border icon-no-background icon-no-border kd-animated fadeInUp\" style=\"background-color: transparent;border: 1px solid #e7e7e7;margin-bottom:30px;\" ><div class=\"ib-wrapper\" style=\"padding-top:40px;padding-bottom:30px;padding-left:30px;padding-right:30px;\"><div class=\"ib-simple-icon-wrapper\" style=\"margin-bottom:40px;\"><i class=\"iconsmind-Microphone-3 iconsmind-Music\" style=\"color: #be427f;font-size: 42px;font-weight: 400;\"><\/i> <\/div><h3 class=\"service-heading\" >Adaptaci\u00f3n de guiones de doblaje y voces superpuestas<\/h3><p >ingl\u00e9s &gt;espa\u00f1ol<\/p><\/div><\/div>[\/vc_column_inner][vc_column_inner width=&#8221;1\/3&#8243;]<div class=\"key-icon-box icon-default icon-top cont-center ib-hover-1  icon-with-shadow  with-border icon-no-background icon-no-border kd-animated fadeInUp\" style=\"background-color: transparent;border: 1px solid #e7e7e7;margin-bottom:30px;\" ><div class=\"ib-wrapper\" style=\"padding-top:40px;padding-bottom:30px;padding-left:30px;padding-right:30px;\"><div class=\"ib-simple-icon-wrapper\" style=\"margin-bottom:40px;\"><i class=\"iconsmind-Gamepad-2 iconsmind-Hardware\" style=\"color: #be427f;font-size: 42px;font-weight: 400;\"><\/i> <\/div><h3 class=\"service-heading\" >Localizaci\u00f3n (web, programas, aplicaciones m\u00f3viles, videojuegos)<\/h3><p >ingl\u00e9s &gt; espa\u00f1ol<\/p><\/div><\/div>[\/vc_column_inner][vc_column_inner width=&#8221;1\/3&#8243;]<div class=\"key-icon-box icon-default icon-top cont-center ib-hover-1  icon-with-shadow  with-border icon-no-background icon-no-border kd-animated fadeInUp\" style=\"background-color: transparent;border: 1px solid #e7e7e7;margin-bottom:30px;\" ><div class=\"ib-wrapper\" style=\"padding-top:40px;padding-bottom:30px;padding-left:30px;padding-right:30px;\"><div class=\"ib-simple-icon-wrapper\" style=\"margin-bottom:40px;\"><i class=\"iconsmind-Video-4 iconsmind-Video-Class\" style=\"color: #be427f;font-size: 42px;font-weight: 400;\"><\/i> <\/div><h3 class=\"service-heading\" >Subtitulado (tambi\u00e9n para personas con dificultades auditivas o SPS)<\/h3><p >ingl\u00e9s &gt; espa\u00f1ol<\/p><\/div><\/div>[\/vc_column_inner][\/vc_row_inner][vc_row_inner kd_background_image_position=&#8221;vc_row-bg-position-top&#8221;][vc_column_inner width=&#8221;1\/3&#8243;]<div class=\"key-icon-box icon-default icon-top cont-center ib-hover-1  icon-with-shadow  with-border icon-no-background icon-no-border kd-animated fadeInUp\" style=\"background-color: transparent;border: 1px solid #e7e7e7;margin-bottom:30px;\" ><div class=\"ib-wrapper\" style=\"padding-top:40px;padding-bottom:30px;padding-left:30px;padding-right:30px;\"><div class=\"ib-simple-icon-wrapper\" style=\"margin-bottom:40px;\"><i class=\"iconsmind-File-Music iconsmind-Files-Class\" style=\"color: #be427f;font-size: 42px;font-weight: 400;\"><\/i> <\/div><h3 class=\"service-heading\" >Audiodescripci\u00f3n (AD)<\/h3><p >espa\u00f1ol<\/p><\/div><\/div>[\/vc_column_inner][vc_column_inner width=&#8221;1\/3&#8243;]<div class=\"key-icon-box icon-default icon-top cont-center ib-hover-1  icon-with-shadow  with-border icon-no-background icon-no-border kd-animated fadeInUp\" style=\"background-color: transparent;border: 1px solid #e7e7e7;margin-bottom:30px;\" ><div class=\"ib-wrapper\" style=\"padding-top:40px;padding-bottom:30px;padding-left:30px;padding-right:30px;\"><div class=\"ib-simple-icon-wrapper\" style=\"margin-bottom:40px;\"><i class=\"iconsmind-File-Edit iconsmind-Files-Class\" style=\"color: #be427f;font-size: 42px;font-weight: 400;\"><\/i> <\/div><h3 class=\"service-heading\" >Edici\u00f3n y correcci\u00f3n<\/h3><p >espa\u00f1ol<\/p><\/div><\/div>[\/vc_column_inner][vc_column_inner width=&#8221;1\/3&#8243;]<div class=\"key-icon-box icon-default icon-top cont-center ib-hover-1  icon-with-shadow  with-border icon-no-background icon-no-border kd-animated fadeInUp\" style=\"background-color: transparent;border: 1px solid #e7e7e7;margin-bottom:30px;\" ><div class=\"ib-wrapper\" style=\"padding-top:40px;padding-bottom:55px;padding-left:30px;padding-right:30px;\"><div class=\"ib-simple-icon-wrapper\" style=\"margin-bottom:40px;\"><i class=\"iconsmind-Cloud-Computer iconsmind-Cloud-Class\" style=\"color: #be427f;font-size: 42px;font-weight: 400;\"><\/i> <\/div><h3 class=\"service-heading\" >Remaquetaci\u00f3n (DTP)<\/h3><p >varias combinaciones de idiomas<\/p><\/div><\/div>[\/vc_column_inner][\/vc_row_inner][vc_row_inner kd_background_image_position=&#8221;vc_row-bg-position-top&#8221;][vc_column_inner width=&#8221;1\/6&#8243;][\/vc_column_inner][vc_column_inner width=&#8221;1\/3&#8243;]<div class=\"key-icon-box icon-default icon-top cont-center ib-hover-1  icon-with-shadow  with-border icon-no-background icon-no-border kd-animated fadeInUp\" style=\"background-color: transparent;border: 1px solid #e7e7e7;margin-bottom:30px;\" ><div class=\"ib-wrapper\" style=\"padding-top:40px;padding-bottom:30px;padding-left:30px;padding-right:30px;\"><div class=\"ib-simple-icon-wrapper\" style=\"margin-bottom:40px;\"><i class=\"iconsmind-Computer iconsmind-Desktop-apps\" style=\"color: #be427f;font-size: 42px;font-weight: 400;\"><\/i> <\/div><h3 class=\"service-heading\" >Traducci\u00f3n autom\u00e1tica y posedici\u00f3n (MTPE)<\/h3><p >espa\u00f1ol<\/p><\/div><\/div>[\/vc_column_inner][vc_column_inner width=&#8221;1\/3&#8243;]<div class=\"key-icon-box icon-default icon-top cont-center ib-hover-1  icon-with-shadow  with-border icon-no-background icon-no-border kd-animated fadeInUp\" style=\"background-color: transparent;border: 1px solid #e7e7e7;margin-bottom:30px;\" ><div class=\"ib-wrapper\" style=\"padding-top:40px;padding-bottom:55px;padding-left:30px;padding-right:30px;\"><div class=\"ib-simple-icon-wrapper\" style=\"margin-bottom:40px;\"><i class=\"iconsmind-Letter-Open iconsmind-Emails\" style=\"color: #be427f;font-size: 42px;font-weight: 400;\"><\/i> <\/div><h3 class=\"service-heading\" >Transcripciones<\/h3><p >ingl\u00e9s y espa\u00f1ol<\/p><\/div><\/div>[\/vc_column_inner][vc_column_inner width=&#8221;1\/6&#8243;][\/vc_column_inner][\/vc_row_inner][\/vc_column][\/vc_row][vc_row gap=&#8221;30&#8243; content_placement=&#8221;middle&#8221; kd_background_image_position=&#8221;vc_row-bg-position-top&#8221; css=&#8221;.vc_custom_1650962766320{padding-bottom: 60px !important;}&#8221; el_class=&#8221;swap-on-mobile&#8221;][vc_column width=&#8221;1\/2&#8243;]<header class=\"kd-section-title col-lg-12 text-left  subtitle-below-title kd-animated fadeIn  \" data-animation-delay=200><h2 class=\"separator_off\" >Gesti\u00f3n de proyectos de traducci\u00f3n<\/h2><\/header>[vc_column_text css=&#8221;&#8221;]<\/p>\n<p data-start=\"59\" data-end=\"102\">\u00bfTienes un proyecto importante entre manos?<\/p>\n<p data-start=\"104\" data-end=\"237\">Cuento con una red de colaboradores de confianza para ofrecer resultados impecables en varios idiomas, de forma r\u00e1pida y fiable.<\/p>\n<p data-start=\"239\" data-end=\"291\" data-is-last-node=\"\" data-is-only-node=\"\">No te preocupes y rel\u00e1jate. Yo me ocupo de todo.<\/p>\n<p>[\/vc_column_text][\/vc_column][vc_column width=&#8221;1\/2&#8243;][vc_single_image image=&#8221;9869&#8243; img_size=&#8221;full&#8221; alignment=&#8221;center&#8221; css_animation=&#8221;fadeInRight&#8221;][\/vc_column][\/vc_row][vc_row gap=&#8221;30&#8243; content_placement=&#8221;middle&#8221; kd_background_image_position=&#8221;vc_row-bg-position-top&#8221; css=&#8221;.vc_custom_1646397763218{padding-top: 10px !important;padding-bottom: 60px !important;}&#8221; el_id=&#8221;tools&#8221;][vc_column width=&#8221;1\/2&#8243;][vc_single_image image=&#8221;9868&#8243; img_size=&#8221;full&#8221; alignment=&#8221;center&#8221; css_animation=&#8221;fadeInLeft&#8221; css=&#8221;.vc_custom_1649237295866{padding-top: 20px !important;padding-right: 20px !important;padding-bottom: 20px !important;padding-left: 20px !important;}&#8221;][\/vc_column][vc_column width=&#8221;1\/2&#8243;]<header class=\"kd-section-title col-lg-12 text-left  subtitle-below-title kd-animated fadeIn  \" data-animation-delay=200><h2 class=\"separator_off\" >Herramientas<\/h2><\/header>[vc_column_text css=&#8221;&#8221;]<\/p>\n<p data-start=\"131\" data-end=\"211\">La inform\u00e1tica es mi otra gran pasi\u00f3n y eso juega a tu favor.<br data-start=\"167\" data-end=\"170\" \/>Trabajo con una amplia variedad de herramientas digitales que me permiten ser m\u00e1s precisa y eficiente para ofrecerte resultados de alta calidad, con plazos ajustados y precios competitivos.<\/p>\n<p>[\/vc_column_text][vc_tta_accordion title_tag=&#8221;h3&#8243; style=&#8221;modern&#8221; color=&#8221;violet&#8221; active_section=&#8221;1&#8243; collapsible_all=&#8221;true&#8221;][vc_tta_section title=&#8221;Herramientas de traducci\u00f3n asistida por ordenador (TAO)&#8221; tab_id=&#8221;1646393328502-19e836e3-801e&#8221;][vc_column_text css=&#8221;&#8221;]<\/p>\n<ul>\n<li>Certificada por RWS en Trados 2022 y 2021 (todos los niveles, tambi\u00e9n en gesti\u00f3n de proyectos)<\/li>\n<li>Certificada por RWS en Traducci\u00f3n Autom\u00e1tica y Postedici\u00f3n (MTPE)<\/li>\n<li>Certificada en Lokalise TMS<\/li>\n<li>Experiencia con: memoQ, Wordfast, OmegaT, Smartling y Phrase (antiguo Memsource)<\/li>\n<\/ul>\n<p>[\/vc_column_text][\/vc_tta_section][vc_tta_section title=&#8221;Subtitulaci\u00f3n&#8221; tab_id=&#8221;1646392837270-f85e97e2-9715&#8243;][vc_column_text css=&#8221;&#8221;]<\/p>\n<ul>\n<li>Familiarizada con Subtitle Edit, Aegisub, EZTitles, Oona, Amara, CaptionHub, VisualSubSync, Subtitle Workshop, <em>software<\/em> propietario, etc.<\/li>\n<\/ul>\n<p>[\/vc_column_text][\/vc_tta_section][vc_tta_section title=&#8221;Localizaci\u00f3n&#8221; tab_id=&#8221;1650964311861-7674e3a6-a99d&#8221;][vc_column_text css=&#8221;&#8221;]<\/p>\n<ul>\n<li>RWS Passolo, Lokalise, Smartling, Alchemy Catalyst, Poedit, Smartcat, ResourceHacker y HTML Help Workshop.<\/li>\n<\/ul>\n<p>[\/vc_column_text][\/vc_tta_section][vc_tta_section title=&#8221;Remaquetaci\u00f3n (DTP)&#8221; tab_id=&#8221;1646393030158-5e918019-b322&#8243;][vc_column_text css=&#8221;&#8221;]<\/p>\n<ul>\n<li>Adobe Photoshop, GIMP, Adobe Lightroom, Adobe InDesign, Scribus, Adobe Illustrator, Adobe Premiere y Camtasia.<\/li>\n<\/ul>\n<p>[\/vc_column_text][\/vc_tta_section][vc_tta_section title=&#8221;Control de calidad ling\u00fc\u00edstica (LQA)&#8221; tab_id=&#8221;1646393048991-4c08c599-a067&#8243;][vc_column_text css=&#8221;&#8221;]<\/p>\n<ul>\n<li>ApSIC XBench y QA Distiller.<\/li>\n<\/ul>\n<p>[\/vc_column_text][\/vc_tta_section][\/vc_tta_accordion][\/vc_column][\/vc_row][vc_row full_width=&#8221;stretch_row_content_no_spaces&#8221; kd_background_image_position=&#8221;vc_row-bg-position-top&#8221; kd_bottom_separator_style=&#8221;static-waves&#8221; kd_bottom_separator_height=&#8221;separator-height-large&#8221; kd_bottom_separator=&#8221;true&#8221; kd_bottom_separator_bg=&#8221;#21233f&#8221; css_mobile=&#8221;.vc_custom_1646393325951{padding-right: 30px !important;padding-left: 30px !important;}&#8221; css=&#8221;.vc_custom_1646393325950{background-color: #f7f4fc !important;}&#8221;][vc_column]<header class=\"kd-section-title col-lg-12 text-center  subtitle-above-title kd-animated fadeIn   vc_custom_1753211701406\" data-animation-delay=200><h2 class=\"separator_off\" >\u00bfTienes preguntas sobre mis servicios o c\u00f3mo trabajo?<br \/>\n\u00bfTe gustar\u00eda dar el siguiente paso?<\/h2><\/header><a  href=\"https:\/\/translatelo.com\/es\/contacto\/\"  target=\"_self\"  title=\"Contact\" class=\"tt_button tt_primary_button btn_primary_color  button-center button-action-link icon_right  vc_custom_1753212168714 kd-animated zoomIn\" data-animation-delay=200><span class=\"prim_text\">Escr\u00edbeme<\/span><span class=\"fas fa-chevron-right iconita\" ><\/span><\/a>[vc_empty_space height=&#8221;220px&#8221;]<div class=\"particles-wrapper\" data-number=\"50\" data-shape=\"star\" data-size=\"4\" data-colors=\"['#eebbc4', '#a89ec0', '#e0b5cd', '#a9a2d8']\"><div id=\"particles-js-69ea36293c999\"><\/div><\/div>[\/vc_column][\/vc_row]<\/p>\n<\/div>","protected":false},"excerpt":{"rendered":"<p>[vc_row full_width=&#8221;stretch_row_content_no_spaces&#8221; kd_background_image_position=&#8221;vc_row-bg-position-top&#8221; kd_bottom_separator_style=&#8221;static-waves&#8221; kd_bottom_separator_height=&#8221;separator-height-large&#8221; kd_bottom_separator=&#8221;true&#8221; kd_bottom_separator_bg=&#8221;#ffffff&#8221; css_mobile=&#8221;.vc_custom_1646816681103{padding-top: 20px !important;padding-right: 30px !important;padding-left: 30px !important;}&#8221; css=&#8221;.vc_custom_1646816681101{padding-top: 100px !important;padding-bottom: 100px !important;background-color: #f7f4fc [&hellip;]<\/p>\n","protected":false},"author":1,"featured_media":9915,"parent":0,"menu_order":0,"comment_status":"closed","ping_status":"closed","template":"","meta":{"footnotes":""},"class_list":["post-9947","page","type-page","status-publish","has-post-thumbnail","hentry"],"yoast_head":"<!-- This site is optimized with the Yoast SEO plugin v27.4 - https:\/\/yoast.com\/product\/yoast-seo-wordpress\/ -->\n<title>Servicios de traducci\u00f3n audiovisual y localizaci\u00f3n en espa\u00f1ol<\/title>\n<meta name=\"description\" content=\"Haz tu vida m\u00e1s f\u00e1cil: todos tus servicios en espa\u00f1ol en un solo lugar. Adaptaci\u00f3n de guiones, localizaci\u00f3n de videojuegos o subtitulado... \u00a1Estoy aqu\u00ed para ayudarte!\" \/>\n<meta name=\"robots\" content=\"index, follow, max-snippet:-1, max-image-preview:large, max-video-preview:-1\" \/>\n<link rel=\"canonical\" href=\"https:\/\/translatelo.com\/es\/que-hago\/\" \/>\n<meta property=\"og:locale\" content=\"es_ES\" \/>\n<meta property=\"og:type\" content=\"article\" \/>\n<meta property=\"og:title\" content=\"Servicios de traducci\u00f3n audiovisual y localizaci\u00f3n en espa\u00f1ol\" \/>\n<meta property=\"og:description\" content=\"Haz tu vida m\u00e1s f\u00e1cil: todos tus servicios en espa\u00f1ol en un solo lugar. Adaptaci\u00f3n de guiones, localizaci\u00f3n de videojuegos o subtitulado... \u00a1Estoy aqu\u00ed para ayudarte!\" \/>\n<meta property=\"og:url\" content=\"https:\/\/translatelo.com\/es\/que-hago\/\" \/>\n<meta property=\"og:site_name\" content=\"Translatelo - Elo\u00edsa Guerra\" \/>\n<meta property=\"article:modified_time\" content=\"2025-07-22T19:39:03+00:00\" \/>\n<meta property=\"og:image\" content=\"https:\/\/translatelo.com\/wp-content\/uploads\/2020\/11\/dots-shape.png\" \/>\n\t<meta property=\"og:image:width\" content=\"1370\" \/>\n\t<meta property=\"og:image:height\" content=\"241\" \/>\n\t<meta property=\"og:image:type\" content=\"image\/png\" \/>\n<meta name=\"twitter:card\" content=\"summary_large_image\" \/>\n<meta name=\"twitter:label1\" content=\"Tiempo de lectura\" \/>\n\t<meta name=\"twitter:data1\" content=\"4 minutos\" \/>\n<script type=\"application\/ld+json\" class=\"yoast-schema-graph\">{\"@context\":\"https:\\\/\\\/schema.org\",\"@graph\":[{\"@type\":\"WebPage\",\"@id\":\"https:\\\/\\\/translatelo.com\\\/es\\\/que-hago\\\/\",\"url\":\"https:\\\/\\\/translatelo.com\\\/es\\\/que-hago\\\/\",\"name\":\"Servicios de traducci\u00f3n audiovisual y localizaci\u00f3n en espa\u00f1ol\",\"isPartOf\":{\"@id\":\"https:\\\/\\\/translatelo.com\\\/es\\\/#website\"},\"primaryImageOfPage\":{\"@id\":\"https:\\\/\\\/translatelo.com\\\/es\\\/que-hago\\\/#primaryimage\"},\"image\":{\"@id\":\"https:\\\/\\\/translatelo.com\\\/es\\\/que-hago\\\/#primaryimage\"},\"thumbnailUrl\":\"https:\\\/\\\/translatelo.com\\\/wp-content\\\/uploads\\\/2020\\\/11\\\/dots-shape.png\",\"datePublished\":\"2022-03-01T12:28:53+00:00\",\"dateModified\":\"2025-07-22T19:39:03+00:00\",\"description\":\"Haz tu vida m\u00e1s f\u00e1cil: todos tus servicios en espa\u00f1ol en un solo lugar. Adaptaci\u00f3n de guiones, localizaci\u00f3n de videojuegos o subtitulado... \u00a1Estoy aqu\u00ed para ayudarte!\",\"breadcrumb\":{\"@id\":\"https:\\\/\\\/translatelo.com\\\/es\\\/que-hago\\\/#breadcrumb\"},\"inLanguage\":\"es\",\"potentialAction\":[{\"@type\":\"ReadAction\",\"target\":[\"https:\\\/\\\/translatelo.com\\\/es\\\/que-hago\\\/\"]}]},{\"@type\":\"ImageObject\",\"inLanguage\":\"es\",\"@id\":\"https:\\\/\\\/translatelo.com\\\/es\\\/que-hago\\\/#primaryimage\",\"url\":\"https:\\\/\\\/translatelo.com\\\/wp-content\\\/uploads\\\/2020\\\/11\\\/dots-shape.png\",\"contentUrl\":\"https:\\\/\\\/translatelo.com\\\/wp-content\\\/uploads\\\/2020\\\/11\\\/dots-shape.png\",\"width\":1370,\"height\":241},{\"@type\":\"BreadcrumbList\",\"@id\":\"https:\\\/\\\/translatelo.com\\\/es\\\/que-hago\\\/#breadcrumb\",\"itemListElement\":[{\"@type\":\"ListItem\",\"position\":1,\"name\":\"Home\",\"item\":\"https:\\\/\\\/translatelo.com\\\/es\\\/\"},{\"@type\":\"ListItem\",\"position\":2,\"name\":\"\u00bfQu\u00e9 hago?\"}]},{\"@type\":\"WebSite\",\"@id\":\"https:\\\/\\\/translatelo.com\\\/es\\\/#website\",\"url\":\"https:\\\/\\\/translatelo.com\\\/es\\\/\",\"name\":\"Translatelo - Elo\u00edsa Guerra\",\"description\":\"Saving good people from bad translations. English to Castilian Spanish.\",\"publisher\":{\"@id\":\"https:\\\/\\\/translatelo.com\\\/es\\\/#\\\/schema\\\/person\\\/3618aebb63d01a04aad7c1bb43061836\"},\"potentialAction\":[{\"@type\":\"SearchAction\",\"target\":{\"@type\":\"EntryPoint\",\"urlTemplate\":\"https:\\\/\\\/translatelo.com\\\/es\\\/?s={search_term_string}\"},\"query-input\":{\"@type\":\"PropertyValueSpecification\",\"valueRequired\":true,\"valueName\":\"search_term_string\"}}],\"inLanguage\":\"es\"},{\"@type\":[\"Person\",\"Organization\"],\"@id\":\"https:\\\/\\\/translatelo.com\\\/es\\\/#\\\/schema\\\/person\\\/3618aebb63d01a04aad7c1bb43061836\",\"name\":\"Elo\u00edsa Guerra Santos\",\"image\":{\"@type\":\"ImageObject\",\"inLanguage\":\"es\",\"@id\":\"https:\\\/\\\/translatelo.com\\\/wp-content\\\/uploads\\\/2026\\\/04\\\/Elos-Profile-Pic-e1775481116790.jpg\",\"url\":\"https:\\\/\\\/translatelo.com\\\/wp-content\\\/uploads\\\/2026\\\/04\\\/Elos-Profile-Pic-e1775481116790.jpg\",\"contentUrl\":\"https:\\\/\\\/translatelo.com\\\/wp-content\\\/uploads\\\/2026\\\/04\\\/Elos-Profile-Pic-e1775481116790.jpg\",\"width\":696,\"height\":696,\"caption\":\"Elo\u00edsa Guerra Santos\"},\"logo\":{\"@id\":\"https:\\\/\\\/translatelo.com\\\/wp-content\\\/uploads\\\/2026\\\/04\\\/Elos-Profile-Pic-e1775481116790.jpg\"},\"sameAs\":[\"https:\\\/\\\/translatelo.com\"]}]}<\/script>\n<!-- \/ Yoast SEO plugin. -->","yoast_head_json":{"title":"Servicios de traducci\u00f3n audiovisual y localizaci\u00f3n en espa\u00f1ol","description":"Haz tu vida m\u00e1s f\u00e1cil: todos tus servicios en espa\u00f1ol en un solo lugar. Adaptaci\u00f3n de guiones, localizaci\u00f3n de videojuegos o subtitulado... \u00a1Estoy aqu\u00ed para ayudarte!","robots":{"index":"index","follow":"follow","max-snippet":"max-snippet:-1","max-image-preview":"max-image-preview:large","max-video-preview":"max-video-preview:-1"},"canonical":"https:\/\/translatelo.com\/es\/que-hago\/","og_locale":"es_ES","og_type":"article","og_title":"Servicios de traducci\u00f3n audiovisual y localizaci\u00f3n en espa\u00f1ol","og_description":"Haz tu vida m\u00e1s f\u00e1cil: todos tus servicios en espa\u00f1ol en un solo lugar. Adaptaci\u00f3n de guiones, localizaci\u00f3n de videojuegos o subtitulado... \u00a1Estoy aqu\u00ed para ayudarte!","og_url":"https:\/\/translatelo.com\/es\/que-hago\/","og_site_name":"Translatelo - Elo\u00edsa Guerra","article_modified_time":"2025-07-22T19:39:03+00:00","og_image":[{"width":1370,"height":241,"url":"https:\/\/translatelo.com\/wp-content\/uploads\/2020\/11\/dots-shape.png","type":"image\/png"}],"twitter_card":"summary_large_image","twitter_misc":{"Tiempo de lectura":"4 minutos"},"schema":{"@context":"https:\/\/schema.org","@graph":[{"@type":"WebPage","@id":"https:\/\/translatelo.com\/es\/que-hago\/","url":"https:\/\/translatelo.com\/es\/que-hago\/","name":"Servicios de traducci\u00f3n audiovisual y localizaci\u00f3n en espa\u00f1ol","isPartOf":{"@id":"https:\/\/translatelo.com\/es\/#website"},"primaryImageOfPage":{"@id":"https:\/\/translatelo.com\/es\/que-hago\/#primaryimage"},"image":{"@id":"https:\/\/translatelo.com\/es\/que-hago\/#primaryimage"},"thumbnailUrl":"https:\/\/translatelo.com\/wp-content\/uploads\/2020\/11\/dots-shape.png","datePublished":"2022-03-01T12:28:53+00:00","dateModified":"2025-07-22T19:39:03+00:00","description":"Haz tu vida m\u00e1s f\u00e1cil: todos tus servicios en espa\u00f1ol en un solo lugar. Adaptaci\u00f3n de guiones, localizaci\u00f3n de videojuegos o subtitulado... \u00a1Estoy aqu\u00ed para ayudarte!","breadcrumb":{"@id":"https:\/\/translatelo.com\/es\/que-hago\/#breadcrumb"},"inLanguage":"es","potentialAction":[{"@type":"ReadAction","target":["https:\/\/translatelo.com\/es\/que-hago\/"]}]},{"@type":"ImageObject","inLanguage":"es","@id":"https:\/\/translatelo.com\/es\/que-hago\/#primaryimage","url":"https:\/\/translatelo.com\/wp-content\/uploads\/2020\/11\/dots-shape.png","contentUrl":"https:\/\/translatelo.com\/wp-content\/uploads\/2020\/11\/dots-shape.png","width":1370,"height":241},{"@type":"BreadcrumbList","@id":"https:\/\/translatelo.com\/es\/que-hago\/#breadcrumb","itemListElement":[{"@type":"ListItem","position":1,"name":"Home","item":"https:\/\/translatelo.com\/es\/"},{"@type":"ListItem","position":2,"name":"\u00bfQu\u00e9 hago?"}]},{"@type":"WebSite","@id":"https:\/\/translatelo.com\/es\/#website","url":"https:\/\/translatelo.com\/es\/","name":"Translatelo - Elo\u00edsa Guerra","description":"Saving good people from bad translations. English to Castilian Spanish.","publisher":{"@id":"https:\/\/translatelo.com\/es\/#\/schema\/person\/3618aebb63d01a04aad7c1bb43061836"},"potentialAction":[{"@type":"SearchAction","target":{"@type":"EntryPoint","urlTemplate":"https:\/\/translatelo.com\/es\/?s={search_term_string}"},"query-input":{"@type":"PropertyValueSpecification","valueRequired":true,"valueName":"search_term_string"}}],"inLanguage":"es"},{"@type":["Person","Organization"],"@id":"https:\/\/translatelo.com\/es\/#\/schema\/person\/3618aebb63d01a04aad7c1bb43061836","name":"Elo\u00edsa Guerra Santos","image":{"@type":"ImageObject","inLanguage":"es","@id":"https:\/\/translatelo.com\/wp-content\/uploads\/2026\/04\/Elos-Profile-Pic-e1775481116790.jpg","url":"https:\/\/translatelo.com\/wp-content\/uploads\/2026\/04\/Elos-Profile-Pic-e1775481116790.jpg","contentUrl":"https:\/\/translatelo.com\/wp-content\/uploads\/2026\/04\/Elos-Profile-Pic-e1775481116790.jpg","width":696,"height":696,"caption":"Elo\u00edsa Guerra Santos"},"logo":{"@id":"https:\/\/translatelo.com\/wp-content\/uploads\/2026\/04\/Elos-Profile-Pic-e1775481116790.jpg"},"sameAs":["https:\/\/translatelo.com"]}]}},"_links":{"self":[{"href":"https:\/\/translatelo.com\/es\/wp-json\/wp\/v2\/pages\/9947","targetHints":{"allow":["GET"]}}],"collection":[{"href":"https:\/\/translatelo.com\/es\/wp-json\/wp\/v2\/pages"}],"about":[{"href":"https:\/\/translatelo.com\/es\/wp-json\/wp\/v2\/types\/page"}],"author":[{"embeddable":true,"href":"https:\/\/translatelo.com\/es\/wp-json\/wp\/v2\/users\/1"}],"replies":[{"embeddable":true,"href":"https:\/\/translatelo.com\/es\/wp-json\/wp\/v2\/comments?post=9947"}],"version-history":[{"count":22,"href":"https:\/\/translatelo.com\/es\/wp-json\/wp\/v2\/pages\/9947\/revisions"}],"predecessor-version":[{"id":10127,"href":"https:\/\/translatelo.com\/es\/wp-json\/wp\/v2\/pages\/9947\/revisions\/10127"}],"wp:featuredmedia":[{"embeddable":true,"href":"https:\/\/translatelo.com\/es\/wp-json\/wp\/v2\/media\/9915"}],"wp:attachment":[{"href":"https:\/\/translatelo.com\/es\/wp-json\/wp\/v2\/media?parent=9947"}],"curies":[{"name":"wp","href":"https:\/\/api.w.org\/{rel}","templated":true}]}}